{"id":49,"date":"2015-01-13T19:54:38","date_gmt":"2015-01-13T19:54:38","guid":{"rendered":"http:\/\/www.tiposdolpg.fau.usp.br\/?page_id=49"},"modified":"2026-03-25T11:08:33","modified_gmt":"2026-03-25T14:08:33","slug":"teste","status":"publish","type":"page","link":"https:\/\/tiposdolpg.fau.usp.br\/","title":{"rendered":"In\u00edcio"},"content":{"rendered":"<div id=\"pl-49\"  class=\"panel-layout\" ><div id=\"pg-49-0\"  class=\"panel-grid panel-no-style\" ><div id=\"pgc-49-0-0\"  class=\"panel-grid-cell panel-grid-cell-mobile-last\" ><div id=\"panel-49-0-0-0\" class=\"so-panel widget widget_black-studio-tinymce widget_black_studio_tinymce panel-first-child panel-last-child\" data-index=\"0\" ><div class=\"panel-widget-style panel-widget-style-for-49-0-0-0\" ><div class=\"textwidget\"><article class=\"conteudo-pagina\">O Tipos do LPG \u00e9 um cat\u00e1logo digital online, desenvolvido especialmente para conter informa\u00e7\u00f5es sobre os tipos m\u00f3veis do acervo da se\u00e7\u00e3o gr\u00e1fica (LPG) da Faculdade de Arquitetura e Urbanismo da Universidade de S\u00e3o Paulo.O site surgiu de um projeto de Inicia\u00e7\u00e3o Cient\u00edfica, com o prop\u00f3sito de facilitar o uso do LPG, bem como divulgar esse espa\u00e7o, ainda pouco conhecido, mesmo pelos alunos.\n<figure class=\"foto-destaque\"><a href=\"https:\/\/tiposdolpg.fau.usp.br\/wp-content\/uploads\/2015\/01\/20141124_1708181.jpg\">\n<img src=\"https:\/\/tiposdolpg.fau.usp.br\/wp-content\/uploads\/2015\/01\/20141124_1708181-1024x768.jpg\" alt=\"\u00c1rea de trabalho da se\u00e7\u00e3o gr\u00e1fica LPG com tipos m\u00f3veis\" width=\"625\" height=\"475\" \/>\n<\/a><figcaption>\u00c1rea de trabalho do LPG<\/figcaption><\/figure>\n&nbsp;\n<p class=\"instrucoes-uso\"><strong>Como usar o Tipos do LPG<\/strong><\/p>\nAs informa\u00e7\u00f5es sobre as fontes podem ser acessadas na se\u00e7\u00e3o <em>Cat\u00e1logo<\/em>, no menu superior (clique na imagem para ampli\u00e1-la):\n<div class=\"grade-exemplos\">\n<figure><a href=\"https:\/\/tiposdolpg.fau.usp.br\/wp-content\/uploads\/2015\/01\/print-site-catalogo.jpg\">\n<img src=\"https:\/\/tiposdolpg.fau.usp.br\/wp-content\/uploads\/2015\/01\/print-site-catalogo-300x180.jpg\" alt=\"Captura de tela da se\u00e7\u00e3o cat\u00e1logo\" width=\"300\" height=\"180\" \/>\n<\/a><figcaption>Se\u00e7\u00e3o Cat\u00e1logo<\/figcaption><\/figure>\nPara facilitar a busca por fontes, existe tamb\u00e9m um display, que permite selecionar o estilo da fonte que se quer encontrar:\n<figure><a href=\"https:\/\/tiposdolpg.fau.usp.br\/wp-content\/uploads\/2015\/01\/print-site-display.jpg\">\n<img src=\"https:\/\/tiposdolpg.fau.usp.br\/wp-content\/uploads\/2015\/01\/print-site-display-300x212.jpg\" alt=\"Captura de tela do seletor de estilos\" width=\"300\" height=\"212\" \/>\n<\/a><figcaption>Display do Site<\/figcaption><\/figure>\nAo selecionar uma fonte, v\u00e1rias informa\u00e7\u00f5es sobre ela ser\u00e3o mostradas, bem como uma imagem com todos os caracteres dispon\u00edveis para utiliza\u00e7\u00e3o no acervo:\n<figure><a href=\"https:\/\/tiposdolpg.fau.usp.br\/wp-content\/uploads\/2015\/01\/print-site-exemplo-de-fonte.jpg\">\n<img src=\"https:\/\/tiposdolpg.fau.usp.br\/wp-content\/uploads\/2015\/01\/print-site-exemplo-de-fonte-300x212.jpg\" alt=\"Detalhes t\u00e9cnicos de uma fonte tipogr\u00e1fica\" width=\"300\" height=\"212\" \/>\n<\/a><figcaption>Exemplo de fonte do Site<\/figcaption><\/figure>\nNa se\u00e7\u00e3o <em>Contato<\/em> \u00e9 poss\u00edvel deixar mensagens com d\u00favidas, cr\u00edticas e sugest\u00f5es para melhorarmos tanto o cat\u00e1logo online, quanto o pr\u00f3prio espa\u00e7o do LPG:\n<figure><a href=\"https:\/\/tiposdolpg.fau.usp.br\/wp-content\/uploads\/2015\/01\/print-site-contato2.jpg\">\n<img src=\"https:\/\/tiposdolpg.fau.usp.br\/wp-content\/uploads\/2015\/01\/print-site-contato2-300x243.jpg\" alt=\"Formul\u00e1rio de contato do site\" width=\"300\" height=\"243\" \/>\n<\/a><figcaption>Se\u00e7\u00e3o Contato do Site<\/figcaption><\/figure>\nNa se\u00e7\u00e3o <em>Impressos<\/em> \u00e9 poss\u00edvel fazer o download dos tr\u00eas cat\u00e1logos impressos dispon\u00edveis no LPG. Tamb\u00e9m \u00e9 poss\u00edvel encontrar o relat\u00f3rio do projeto de Inicia\u00e7\u00e3o Cient\u00edfica do qual surgiu este cat\u00e1logo online:\n<figure><a href=\"https:\/\/tiposdolpg.fau.usp.br\/wp-content\/uploads\/2015\/01\/print-site-impressos.jpg\">\n<img src=\"https:\/\/tiposdolpg.fau.usp.br\/wp-content\/uploads\/2015\/01\/print-site-impressos-300x263.jpg\" alt=\"Lista de cat\u00e1logos para download\" width=\"300\" height=\"263\" \/>\n<\/a><figcaption>Se\u00e7\u00e3o Impressos do Site<\/figcaption><\/figure>\n<\/div>\n<\/article><\/div><\/div><\/div><\/div><div id=\"pgc-49-0-1\"  class=\"panel-grid-cell panel-grid-cell-empty\" ><\/div><\/div><\/div>","protected":false},"excerpt":{"rendered":"<p>O Tipos do LPG \u00e9 um cat\u00e1logo digital online, desenvolvido especialmente para conter informa\u00e7\u00f5es sobre os tipos m\u00f3veis do acervo da se\u00e7\u00e3o gr\u00e1fica (LPG) da Faculdade de Arquitetura e Urbanismo da Universidade de S\u00e3o Paulo.O site surgiu de um projeto de Inicia\u00e7\u00e3o Cient\u00edfica, com o prop\u00f3sito de facilitar o uso do LPG, bem como divulgar &hellip;<\/p>\n","protected":false},"author":1,"featured_media":0,"parent":0,"menu_order":0,"comment_status":"closed","ping_status":"closed","template":"","meta":[],"_links":{"self":[{"href":"https:\/\/tiposdolpg.fau.usp.br\/index.php?rest_route=\/wp\/v2\/pages\/49"}],"collection":[{"href":"https:\/\/tiposdolpg.fau.usp.br\/index.php?rest_route=\/wp\/v2\/pages"}],"about":[{"href":"https:\/\/tiposdolpg.fau.usp.br\/index.php?rest_route=\/wp\/v2\/types\/page"}],"author":[{"embeddable":true,"href":"https:\/\/tiposdolpg.fau.usp.br\/index.php?rest_route=\/wp\/v2\/users\/1"}],"replies":[{"embeddable":true,"href":"https:\/\/tiposdolpg.fau.usp.br\/index.php?rest_route=%2Fwp%2Fv2%2Fcomments&post=49"}],"version-history":[{"count":4,"href":"https:\/\/tiposdolpg.fau.usp.br\/index.php?rest_route=\/wp\/v2\/pages\/49\/revisions"}],"predecessor-version":[{"id":970,"href":"https:\/\/tiposdolpg.fau.usp.br\/index.php?rest_route=\/wp\/v2\/pages\/49\/revisions\/970"}],"wp:attachment":[{"href":"https:\/\/tiposdolpg.fau.usp.br\/index.php?rest_route=%2Fwp%2Fv2%2Fmedia&parent=49"}],"curies":[{"name":"wp","href":"https:\/\/api.w.org\/{rel}","templated":true}]}}