{"id":587,"date":"2015-03-05T17:19:50","date_gmt":"2015-03-05T17:19:50","guid":{"rendered":"http:\/\/www.tiposdolpg.fau.usp.br\/?page_id=587"},"modified":"2026-03-25T10:50:10","modified_gmt":"2026-03-25T13:50:10","slug":"impressos","status":"publish","type":"page","link":"https:\/\/tiposdolpg.fau.usp.br\/?page_id=587","title":{"rendered":"Impressos"},"content":{"rendered":"<section id=\"builder-section-1427506897595\" class=\"builder-section-first builder-section builder-section-text builder-section-next-text builder-text-columns-4\" style=\"background-size: cover; background-repeat: no-repeat;background-position: center center;\">\n<h3 class=\"builder-text-section-title\">\n        CAT\u00c1LOGOS    <\/h3>\n<div class=\"builder-section-content\">\n<div class=\"builder-text-row\">\n<div class=\"builder-text-column builder-text-column-1\" id=\"builder-section-1427506897595-column-1\">\n<div class=\"builder-text-content\">\n<h3>Cat\u00e1logo A (FAU)<\/h3>\n<p><small><strong>Autoria<\/strong><\/small><br \/>\n<small>Jessica Strazzi (T08 &#8211; Design)<\/small><br \/>\n<small>Renata Portella (T65 &#8211; Arquitetura)<br \/>\n<\/small><br \/>\n<small><strong>Orienta\u00e7\u00e3o<\/strong><\/small><br \/>\n<small>Priscila Lena Farias<\/small><\/p>\n<p class=\"download-link\"><span class=\"ttfmake-icon mceNonEditable fa\" aria-hidden=\"true\">\uf1c1<\/span><small><a href=\"https:\/\/tiposdolpg.fau.usp.br\/wp-content\/uploads\/2015\/03\/Cat\u00e1logo_A_FAU.pdf\" target=\"_blank\" rel=\"noopener\">Cat\u00e1logo_A_FAU (PDF)<\/small><br \/>\n<\/a><\/p>\n<\/p><\/div>\n<\/p><\/div>\n<div class=\"builder-text-column builder-text-column-2\" id=\"builder-section-1427506897595-column-2\">\n<div class=\"builder-text-content\">\n<h3>Cat\u00e1logo B (IO)<\/h3>\n<p><strong><small>Autoria<\/small><\/strong><br \/>\n<small>Evandro de Almeida<\/small><\/p>\n<p><strong><small>Orienta\u00e7\u00e3o<\/small><\/strong><br \/>\n<small>Priscila Lena Farias<\/small><\/p>\n<p class=\"download-link\">\n<span class=\"ttfmake-icon mceNonEditable fa\">\uf1c1\u00a0<\/span><small><a href=\"https:\/\/www.tiposdolpg.fau.usp.br\/wp-content\/uploads\/2015\/03\/Cat\u00e1logo_B_IO.pdf\" target=\"_blank\" rel=\"noopener\">Cat\u00e1logo_B_IO<\/small><\/a><\/p>\n<\/p><\/div>\n<\/p><\/div>\n<div class=\"builder-text-column builder-text-column-3\" id=\"builder-section-1427506897595-column-3\">\n<div class=\"builder-text-content\">\n<h3>Cat\u00e1logo C (CCS)<\/h3>\n<p class=\"download-link\"><span class=\"ttfmake-icon mceNonEditable fa\">\uf1c1\u00a0<\/span><small><a href=\"https:\/\/www.tiposdolpg.fau.usp.br\/wp-content\/uploads\/2015\/03\/Cat\u00e1logo_C_CCS.pdf\" target=\"_blank\" rel=\"noopener\">Cat\u00e1logo_C_CCS<\/a><\/small><\/p>\n<\/p><\/div>\n<\/p><\/div>\n<div class=\"builder-text-column builder-text-column-4\" id=\"builder-section-1427506897595-column-4\">\n<div class=\"builder-text-content\">\n<h3>Cat\u00e1logo N\u00e3o Alfab\u00e9tico<\/h3>\n<p><strong><small>Autoria<\/small><\/strong><br \/>\n<small>Ana Giovanetti Oranje\u00a0(T18 &#8211; Design)<\/small><br \/>\n<small>Vin\u00edcius Marques Silva\u00a0(T17 &#8211; Design)<\/small><\/p>\n<p><strong><small>Orienta\u00e7\u00e3o<\/small><\/strong><br \/>\n<small>Priscila Lena Farias<\/small><\/p>\n<p class=\"download-link\"><span class=\"ttfmake-icon mceNonEditable fa\" aria-hidden=\"true\">\uf1c1<\/span><small><a title=\"Catalogo_naoalfabeticos\" href=\"https:\/\/drive.google.com\/file\/d\/1skbk3hwrSoa9IjGGPcwA2gfEScnkAkIy\/view?usp=sharing\" target=\"_blank\" rel=\"noopener\">Cat\u00e1logo_naoalfabeticos<\/a><br \/>\n<\/small><\/p>\n<\/p><\/div>\n<\/p><\/div>\n<\/p><\/div>\n<\/p><\/div>\n<\/section>\n<section id=\"builder-section-1427508951743\" class=\"builder-section-prev-text builder-section builder-section-text builder-section-last builder-text-columns-3\" style=\"background-size: cover; background-repeat: no-repeat;background-position: center center;\">\n<h3 class=\"builder-text-section-title\">\n        RELAT\u00d3RIOS    <\/h3>\n<div class=\"builder-section-content\">\n<div class=\"builder-text-row\">\n<div class=\"builder-text-column builder-text-column-1\" id=\"builder-section-1427508951743-column-1\">\n<div class=\"builder-text-content\">\n<p><small>Relat\u00f3rio final produzido para a conclus\u00e3o do Programa Ensinar com Pesquisa, de mar\u00e7o de 2014 a mar\u00e7o de 2015.<\/small><\/p>\n<p><strong><small>Autoria<\/small><\/strong><br \/>\n<small>Jessica Strazzi (T08 &#8211; Design)<\/small><br \/>\n<small>Renata Portella (T65 &#8211; Arquitetura)<\/small><\/p>\n<p><strong><small>Orienta\u00e7\u00e3o<\/small><\/strong><br \/>\n<small>Priscila Lena Farias<\/small><\/p>\n<p class=\"download-link\">\n<span class=\"ttfmake-icon mceNonEditable fa\">\uf1c1\u00a0<\/span><a href=\"https:\/\/www.tiposdolpg.fau.usp.br\/wp-content\/uploads\/2015\/03\/RELAT\u00d3RIO-FINAL.pdf\" target=\"_blank\" rel=\"noopener\">RELAT\u00d3RIO<\/a><\/p>\n<\/p><\/div>\n<\/p><\/div>\n<div class=\"builder-text-column builder-text-column-2\" id=\"builder-section-1427508951743-column-2\">\n<div class=\"builder-text-content\">\n\t\t\t\t\t\t\t\t\t\t\t<\/div>\n<\/p><\/div>\n<div class=\"builder-text-column builder-text-column-3\" id=\"builder-section-1427508951743-column-3\">\n<div class=\"builder-text-content\">\n\t\t\t\t\t\t\t\t\t\t\t<\/div>\n<\/p><\/div>\n<\/p><\/div>\n<\/p><\/div>\n<\/section>\n","protected":false},"excerpt":{"rendered":"<p>CAT\u00c1LOGOS Cat\u00e1logo A (FAU) Autoria Jessica Strazzi (T08 &#8211; Design) Renata Portella (T65 &#8211; Arquitetura) Orienta\u00e7\u00e3o Priscila Lena Farias \uf1c1Cat\u00e1logo_A_FAU (PDF) Cat\u00e1logo B (IO) Autoria Evandro de Almeida Orienta\u00e7\u00e3o Priscila Lena Farias \uf1c1\u00a0Cat\u00e1logo_B_IO Cat\u00e1logo C (CCS) \uf1c1\u00a0Cat\u00e1logo_C_CCS Cat\u00e1logo N\u00e3o Alfab\u00e9tico Autoria Ana Giovanetti Oranje\u00a0(T18 &#8211; Design) Vin\u00edcius Marques Silva\u00a0(T17 &#8211; Design) Orienta\u00e7\u00e3o Priscila Lena Farias &hellip;<\/p>\n","protected":false},"author":1,"featured_media":0,"parent":0,"menu_order":0,"comment_status":"closed","ping_status":"closed","template":"template-builder.php","meta":[],"_links":{"self":[{"href":"https:\/\/tiposdolpg.fau.usp.br\/index.php?rest_route=\/wp\/v2\/pages\/587"}],"collection":[{"href":"https:\/\/tiposdolpg.fau.usp.br\/index.php?rest_route=\/wp\/v2\/pages"}],"about":[{"href":"https:\/\/tiposdolpg.fau.usp.br\/index.php?rest_route=\/wp\/v2\/types\/page"}],"author":[{"embeddable":true,"href":"https:\/\/tiposdolpg.fau.usp.br\/index.php?rest_route=\/wp\/v2\/users\/1"}],"replies":[{"embeddable":true,"href":"https:\/\/tiposdolpg.fau.usp.br\/index.php?rest_route=%2Fwp%2Fv2%2Fcomments&post=587"}],"version-history":[{"count":2,"href":"https:\/\/tiposdolpg.fau.usp.br\/index.php?rest_route=\/wp\/v2\/pages\/587\/revisions"}],"predecessor-version":[{"id":963,"href":"https:\/\/tiposdolpg.fau.usp.br\/index.php?rest_route=\/wp\/v2\/pages\/587\/revisions\/963"}],"wp:attachment":[{"href":"https:\/\/tiposdolpg.fau.usp.br\/index.php?rest_route=%2Fwp%2Fv2%2Fmedia&parent=587"}],"curies":[{"name":"wp","href":"https:\/\/api.w.org\/{rel}","templated":true}]}}